{"id":2650,"date":"2022-01-20T16:15:56","date_gmt":"2022-01-20T15:15:56","guid":{"rendered":"https:\/\/www.newconenergy.com\/?page_id=2650"},"modified":"2022-02-15T13:07:10","modified_gmt":"2022-02-15T12:07:10","slug":"aktuelles","status":"publish","type":"page","link":"https:\/\/www.newconenergy.com\/de\/aktuelles\/","title":{"rendered":"aktuelles"},"content":{"rendered":"\t\t<div data-elementor-type=\"wp-page\" data-elementor-id=\"2650\" class=\"elementor elementor-2650\" data-elementor-post-type=\"page\">\n\t\t\t\t\t\t\t\t\t<section class=\"elementor-section elementor-top-section elementor-element elementor-element-ef79346 elementor-section-full_width elementor-section-height-default elementor-section-height-default\" data-id=\"ef79346\" data-element_type=\"section\" data-settings=\"{&quot;background_background&quot;:&quot;classic&quot;}\">\n\t\t\t\t\t\t<div class=\"elementor-container elementor-column-gap-default\">\n\t\t\t\t\t<div class=\"elementor-column elementor-col-100 elementor-top-column elementor-element elementor-element-2d3a3de\" data-id=\"2d3a3de\" data-element_type=\"column\">\n\t\t\t<div class=\"elementor-widget-wrap elementor-element-populated\">\n\t\t\t\t\t\t\t\t<section class=\"elementor-section elementor-inner-section elementor-element elementor-element-5f139be elementor-section-boxed elementor-section-height-default elementor-section-height-default\" data-id=\"5f139be\" data-element_type=\"section\">\n\t\t\t\t\t\t<div class=\"elementor-container elementor-column-gap-default\">\n\t\t\t\t\t<div class=\"elementor-column elementor-col-100 elementor-inner-column elementor-element elementor-element-f7d1b35\" data-id=\"f7d1b35\" data-element_type=\"column\">\n\t\t\t<div class=\"elementor-widget-wrap elementor-element-populated\">\n\t\t\t\t\t\t\t\t<div class=\"elementor-element elementor-element-1ffa674 elementor-widget elementor-widget-heading\" data-id=\"1ffa674\" data-element_type=\"widget\" data-widget_type=\"heading.default\">\n\t\t\t\t<div class=\"elementor-widget-container\">\n\t\t\t<h1 class=\"elementor-heading-title elementor-size-default\">NEWS<\/h1>\t\t<\/div>\n\t\t\t\t<\/div>\n\t\t\t\t<div class=\"elementor-element elementor-element-6bad0bc elementor-grid-1 elementor-posts--align-left elementor-grid-tablet-1 elementor-grid-mobile-1 elementor-posts--thumbnail-top elementor-widget elementor-widget-posts\" data-id=\"6bad0bc\" data-element_type=\"widget\" id=\"newsbox\" data-settings=\"{&quot;classic_columns&quot;:&quot;1&quot;,&quot;classic_row_gap&quot;:{&quot;unit&quot;:&quot;px&quot;,&quot;size&quot;:18,&quot;sizes&quot;:[]},&quot;classic_columns_tablet&quot;:&quot;1&quot;,&quot;classic_columns_mobile&quot;:&quot;1&quot;,&quot;classic_row_gap_tablet&quot;:{&quot;unit&quot;:&quot;px&quot;,&quot;size&quot;:&quot;&quot;,&quot;sizes&quot;:[]},&quot;classic_row_gap_mobile&quot;:{&quot;unit&quot;:&quot;px&quot;,&quot;size&quot;:&quot;&quot;,&quot;sizes&quot;:[]}}\" data-widget_type=\"posts.classic\">\n\t\t\t\t<div class=\"elementor-widget-container\">\n\t\t\t\t\t<div class=\"elementor-posts-container elementor-posts elementor-posts--skin-classic elementor-grid\">\n\t\t\t\t<article class=\"elementor-post elementor-grid-item post-3008 post type-post status-publish format-standard hentry category-news\">\n\t\t\t\t<div class=\"elementor-post__text\">\n\t\t\t\t<h3 class=\"elementor-post__title\">\n\t\t\t<a href=\"https:\/\/www.newconenergy.com\/de\/portugal-attraktiver-hotspot-fuer-ppas\/\" >\n\t\t\t\tPortugal attraktiver Hotspot f\u00fcr PPAs\t\t\t<\/a>\n\t\t<\/h3>\n\t\t\t\t<div class=\"elementor-post__meta-data\">\n\t\t\t\t\t<span class=\"elementor-post-date\">\n\t\t\t17. M\u00e4rz 2022\t\t<\/span>\n\t\t\t\t<\/div>\n\t\t\t\t<div class=\"elementor-post__excerpt\">\n\t\t\t<p>Der internationale Projektentwickler Newcon Energy (Deutschland) hat eine Pipeline von 5,8 GW Solar-PPA-Projekten in Portugal.<\/p>\n\t\t<\/div>\n\t\t\n\t\t<a class=\"elementor-post__read-more\" href=\"https:\/\/www.newconenergy.com\/de\/portugal-attraktiver-hotspot-fuer-ppas\/\" aria-label=\"Mehr \u00fcber Portugal attraktiver Hotspot f\u00fcr PPAs\" tabindex=\"-1\" >\n\t\t\tWeiterlesen \u00bb\t\t<\/a>\n\n\t\t\t\t<\/div>\n\t\t\t\t<\/article>\n\t\t\t\t<article class=\"elementor-post elementor-grid-item post-2766 post type-post status-publish format-standard hentry category-news\">\n\t\t\t\t<div class=\"elementor-post__text\">\n\t\t\t\t<h3 class=\"elementor-post__title\">\n\t\t\t<a href=\"https:\/\/www.newconenergy.com\/de\/kosten-fuer-netzausbau-teilweise-in-kraftwerksbau-eingepreist-portugal\/\" >\n\t\t\t\tKosten f\u00fcr Netzausbau teilweise in Kraftwerksbau eingepreist (Portugal)\t\t\t<\/a>\n\t\t<\/h3>\n\t\t\t\t<div class=\"elementor-post__meta-data\">\n\t\t\t\t\t<span class=\"elementor-post-date\">\n\t\t\t14. Februar 2022\t\t<\/span>\n\t\t\t\t<\/div>\n\t\t\t\t<div class=\"elementor-post__excerpt\">\n\t\t\t<p>Energiezukunft im Interview mit Newcon Energy<\/p>\n\t\t<\/div>\n\t\t\n\t\t<a class=\"elementor-post__read-more\" href=\"https:\/\/www.newconenergy.com\/de\/kosten-fuer-netzausbau-teilweise-in-kraftwerksbau-eingepreist-portugal\/\" aria-label=\"Mehr \u00fcber Kosten f\u00fcr Netzausbau teilweise in Kraftwerksbau eingepreist (Portugal)\" tabindex=\"-1\" >\n\t\t\tWeiterlesen \u00bb\t\t<\/a>\n\n\t\t\t\t<\/div>\n\t\t\t\t<\/article>\n\t\t\t\t<article class=\"elementor-post elementor-grid-item post-2636 post type-post status-publish format-standard hentry category-news\">\n\t\t\t\t<div class=\"elementor-post__text\">\n\t\t\t\t<h3 class=\"elementor-post__title\">\n\t\t\t<a href=\"https:\/\/www.newconenergy.com\/de\/newcon-energy-sichert-sich-groessten-anteil-der-edp-netzausschreibung-in-portugal\/\" >\n\t\t\t\tNewcon Energy\u00ae sichert sich mit 10 Projekten 490MW an der EDP-Netzausschreibung in Portugal\t\t\t<\/a>\n\t\t<\/h3>\n\t\t\t\t<div class=\"elementor-post__meta-data\">\n\t\t\t\t\t<span class=\"elementor-post-date\">\n\t\t\t18. Januar 2022\t\t<\/span>\n\t\t\t\t<\/div>\n\t\t\t\t<div class=\"elementor-post__excerpt\">\n\t\t\t<p>Newcon Energy\u00ae (NE) sichert sich bei EDP-Ausschreibung 38 Prozent der gesamten Netzkapazit\u00e4t 10 Projekte mit einer Gesamtkapazit\u00e4t von knapp 500 MW von NE in der<\/p>\n\t\t<\/div>\n\t\t\n\t\t<a class=\"elementor-post__read-more\" href=\"https:\/\/www.newconenergy.com\/de\/newcon-energy-sichert-sich-groessten-anteil-der-edp-netzausschreibung-in-portugal\/\" aria-label=\"Mehr \u00fcber Newcon Energy\u00ae sichert sich mit 10 Projekten 490MW an der EDP-Netzausschreibung in Portugal\" tabindex=\"-1\" >\n\t\t\tWeiterlesen \u00bb\t\t<\/a>\n\n\t\t\t\t<\/div>\n\t\t\t\t<\/article>\n\t\t\t\t<article class=\"elementor-post elementor-grid-item post-2634 post type-post status-publish format-standard hentry category-news\">\n\t\t\t\t<div class=\"elementor-post__text\">\n\t\t\t\t<h3 class=\"elementor-post__title\">\n\t\t\t<a href=\"https:\/\/www.newconenergy.com\/de\/newcon-energy-wird-groesster-projektentwickler-portugals\/\" >\n\t\t\t\tNewcon Energy\u00ae sichert sich mit 20 Projekten 5,3GW bei REN-Ausschreibung in Portugal\t\t\t<\/a>\n\t\t<\/h3>\n\t\t\t\t<div class=\"elementor-post__meta-data\">\n\t\t\t\t\t<span class=\"elementor-post-date\">\n\t\t\t18. Januar 2022\t\t<\/span>\n\t\t\t\t<\/div>\n\t\t\t\t<div class=\"elementor-post__excerpt\">\n\t\t\t<p>Newcon Energy\u00ae (NE) sichert sich bei REN-Ausschreibung 32 Prozent der gesamten Netzkapazit\u00e4t 20 Projekte mit einer Gesamtkapazit\u00e4t von 5,3 GW von NE in der finalen<\/p>\n\t\t<\/div>\n\t\t\n\t\t<a class=\"elementor-post__read-more\" href=\"https:\/\/www.newconenergy.com\/de\/newcon-energy-wird-groesster-projektentwickler-portugals\/\" aria-label=\"Mehr \u00fcber Newcon Energy\u00ae sichert sich mit 20 Projekten 5,3GW bei REN-Ausschreibung in Portugal\" tabindex=\"-1\" >\n\t\t\tWeiterlesen \u00bb\t\t<\/a>\n\n\t\t\t\t<\/div>\n\t\t\t\t<\/article>\n\t\t\t\t<article class=\"elementor-post elementor-grid-item post-2616 post type-post status-publish format-standard hentry category-news\">\n\t\t\t\t<div class=\"elementor-post__text\">\n\t\t\t\t<h3 class=\"elementor-post__title\">\n\t\t\t<a href=\"https:\/\/www.newconenergy.com\/de\/negocios-newcon-energy-pipeline\/\" >\n\t\t\t\tNegocios berichtet \u00fcber best\u00e4tigte Pipeline von Newcon Energy\t\t\t<\/a>\n\t\t<\/h3>\n\t\t\t\t<div class=\"elementor-post__meta-data\">\n\t\t\t\t\t<span class=\"elementor-post-date\">\n\t\t\t11. Januar 2022\t\t<\/span>\n\t\t\t\t<\/div>\n\t\t\t\t<div class=\"elementor-post__excerpt\">\n\t\t\t<p>SolCarport, eine 100% Tochtergesellschaft der Newcon Energy, ist f\u00fcr ein Viertel der Solarprojekte verantwortlich, die eine Lizenz im Rahmen einer REN-Vereinbarung beantragt haben. Insgesamt plant<\/p>\n\t\t<\/div>\n\t\t\n\t\t<a class=\"elementor-post__read-more\" href=\"https:\/\/www.newconenergy.com\/de\/negocios-newcon-energy-pipeline\/\" aria-label=\"Mehr \u00fcber Negocios berichtet \u00fcber best\u00e4tigte Pipeline von Newcon Energy\" tabindex=\"-1\" >\n\t\t\tWeiterlesen \u00bb\t\t<\/a>\n\n\t\t\t\t<\/div>\n\t\t\t\t<\/article>\n\t\t\t\t<article class=\"elementor-post elementor-grid-item post-2614 post type-post status-publish format-standard hentry category-news\">\n\t\t\t\t<div class=\"elementor-post__text\">\n\t\t\t\t<h3 class=\"elementor-post__title\">\n\t\t\t<a href=\"https:\/\/www.newconenergy.com\/de\/solarserver-berichtet-ueber-geplante-pipeline-von-newcon-energy-von-58-gw-in-portugal\/\" >\n\t\t\t\tSolarserver berichtet \u00fcber geplante Pipeline von Newcon Energy von 5,8 GW in Portugal\t\t\t<\/a>\n\t\t<\/h3>\n\t\t\t\t<div class=\"elementor-post__meta-data\">\n\t\t\t\t\t<span class=\"elementor-post-date\">\n\t\t\t11. Januar 2022\t\t<\/span>\n\t\t\t\t<\/div>\n\t\t\t\t<div class=\"elementor-post__excerpt\">\n\t\t\t<p>https:\/\/www.solarserver.de\/2022\/01\/06\/photovoltaik-newcon-energy-plant-6-gw-in-portugal\/<\/p>\n\t\t<\/div>\n\t\t\n\t\t<a class=\"elementor-post__read-more\" href=\"https:\/\/www.newconenergy.com\/de\/solarserver-berichtet-ueber-geplante-pipeline-von-newcon-energy-von-58-gw-in-portugal\/\" aria-label=\"Mehr \u00fcber Solarserver berichtet \u00fcber geplante Pipeline von Newcon Energy von 5,8 GW in Portugal\" tabindex=\"-1\" >\n\t\t\tWeiterlesen \u00bb\t\t<\/a>\n\n\t\t\t\t<\/div>\n\t\t\t\t<\/article>\n\t\t\t\t<\/div>\n\t\t\n\t\t\t\t<\/div>\n\t\t\t\t<\/div>\n\t\t\t\t<div class=\"elementor-element elementor-element-d442d3c elementor-widget elementor-widget-text-editor\" data-id=\"d442d3c\" data-element_type=\"widget\" data-widget_type=\"text-editor.default\">\n\t\t\t\t<div class=\"elementor-widget-container\">\n\t\t\t\t\t\t\t\t\t\t\t\t\t<\/div>\n\t\t\t\t<\/div>\n\t\t\t\t\t<\/div>\n\t\t<\/div>\n\t\t\t\t\t\t\t<\/div>\n\t\t<\/section>\n\t\t\t\t\t<\/div>\n\t\t<\/div>\n\t\t\t\t\t\t\t<\/div>\n\t\t<\/section>\n\t\t\t\t\t\t\t<\/div>\n\t\t","protected":false},"excerpt":{"rendered":"<p>NEWS<\/p>\n","protected":false},"author":1,"featured_media":0,"parent":0,"menu_order":0,"comment_status":"closed","ping_status":"closed","template":"elementor_header_footer","meta":{"neve_meta_sidebar":"full-width","neve_meta_container":"","neve_meta_enable_content_width":"on","neve_meta_content_width":100,"neve_meta_title_alignment":"","neve_meta_author_avatar":"","neve_post_elements_order":"","neve_meta_disable_header":"","neve_meta_disable_footer":"","neve_meta_disable_title":"","neve_meta_reading_time":"","footnotes":""},"yoast_head":"<!-- This site is optimized with the Yoast SEO plugin v21.5 - https:\/\/yoast.com\/wordpress\/plugins\/seo\/ -->\n<title>Newcon Energy\u00ae- get in touch<\/title>\n<meta name=\"description\" content=\"Newcon Energy\u00ae- get in touch with us.\" \/>\n<meta name=\"robots\" content=\"noindex, nofollow\" \/>\n<meta property=\"og:locale\" content=\"de_DE\" \/>\n<meta property=\"og:type\" content=\"article\" \/>\n<meta property=\"og:title\" content=\"Newcon Energy\u00ae- get in touch\" \/>\n<meta property=\"og:description\" content=\"Newcon Energy\u00ae- get in touch with us.\" \/>\n<meta property=\"og:url\" content=\"https:\/\/www.newconenergy.com\/de\/aktuelles\/\" \/>\n<meta property=\"og:site_name\" content=\"Newcon Energy\" \/>\n<meta property=\"article:modified_time\" content=\"2022-02-15T12:07:10+00:00\" \/>\n<meta name=\"twitter:card\" content=\"summary_large_image\" \/>\n<meta name=\"twitter:label1\" content=\"Gesch\u00e4tzte Lesezeit\" \/>\n\t<meta name=\"twitter:data1\" content=\"2\u00a0Minuten\" \/>\n<script type=\"application\/ld+json\" class=\"yoast-schema-graph\">{\"@context\":\"https:\/\/schema.org\",\"@graph\":[{\"@type\":\"WebPage\",\"@id\":\"https:\/\/www.newconenergy.com\/de\/aktuelles\/\",\"url\":\"https:\/\/www.newconenergy.com\/de\/aktuelles\/\",\"name\":\"Newcon Energy\u00ae- get in touch\",\"isPartOf\":{\"@id\":\"https:\/\/www.newconenergy.com\/de\/#website\"},\"datePublished\":\"2022-01-20T15:15:56+00:00\",\"dateModified\":\"2022-02-15T12:07:10+00:00\",\"description\":\"Newcon Energy\u00ae- get in touch with us.\",\"breadcrumb\":{\"@id\":\"https:\/\/www.newconenergy.com\/de\/aktuelles\/#breadcrumb\"},\"inLanguage\":\"de\",\"potentialAction\":[{\"@type\":\"ReadAction\",\"target\":[\"https:\/\/www.newconenergy.com\/de\/aktuelles\/\"]}]},{\"@type\":\"BreadcrumbList\",\"@id\":\"https:\/\/www.newconenergy.com\/de\/aktuelles\/#breadcrumb\",\"itemListElement\":[{\"@type\":\"ListItem\",\"position\":1,\"name\":\"Startseite\",\"item\":\"https:\/\/www.newconenergy.com\/de\/\"},{\"@type\":\"ListItem\",\"position\":2,\"name\":\"aktuelles\"}]},{\"@type\":\"WebSite\",\"@id\":\"https:\/\/www.newconenergy.com\/de\/#website\",\"url\":\"https:\/\/www.newconenergy.com\/de\/\",\"name\":\"Newcon Energy\",\"description\":\"Newcon Energy\",\"publisher\":{\"@id\":\"https:\/\/www.newconenergy.com\/de\/#organization\"},\"potentialAction\":[{\"@type\":\"SearchAction\",\"target\":{\"@type\":\"EntryPoint\",\"urlTemplate\":\"https:\/\/www.newconenergy.com\/de\/?s={search_term_string}\"},\"query-input\":\"required name=search_term_string\"}],\"inLanguage\":\"de\"},{\"@type\":\"Organization\",\"@id\":\"https:\/\/www.newconenergy.com\/de\/#organization\",\"name\":\"Newcon Energy\",\"url\":\"https:\/\/www.newconenergy.com\/de\/\",\"logo\":{\"@type\":\"ImageObject\",\"inLanguage\":\"de\",\"@id\":\"https:\/\/www.newconenergy.com\/de\/#\/schema\/logo\/image\/\",\"url\":\"https:\/\/www.newconenergy.com\/wp-content\/uploads\/2021\/08\/newcon-energy-logo.png\",\"contentUrl\":\"https:\/\/www.newconenergy.com\/wp-content\/uploads\/2021\/08\/newcon-energy-logo.png\",\"width\":254,\"height\":165,\"caption\":\"Newcon Energy\"},\"image\":{\"@id\":\"https:\/\/www.newconenergy.com\/de\/#\/schema\/logo\/image\/\"}}]}<\/script>\n<!-- \/ Yoast SEO plugin. -->","yoast_head_json":{"title":"Newcon Energy\u00ae- get in touch","description":"Newcon Energy\u00ae- get in touch with us.","robots":{"index":"noindex","follow":"nofollow"},"og_locale":"de_DE","og_type":"article","og_title":"Newcon Energy\u00ae- get in touch","og_description":"Newcon Energy\u00ae- get in touch with us.","og_url":"https:\/\/www.newconenergy.com\/de\/aktuelles\/","og_site_name":"Newcon Energy","article_modified_time":"2022-02-15T12:07:10+00:00","twitter_card":"summary_large_image","twitter_misc":{"Gesch\u00e4tzte Lesezeit":"2\u00a0Minuten"},"schema":{"@context":"https:\/\/schema.org","@graph":[{"@type":"WebPage","@id":"https:\/\/www.newconenergy.com\/de\/aktuelles\/","url":"https:\/\/www.newconenergy.com\/de\/aktuelles\/","name":"Newcon Energy\u00ae- get in touch","isPartOf":{"@id":"https:\/\/www.newconenergy.com\/de\/#website"},"datePublished":"2022-01-20T15:15:56+00:00","dateModified":"2022-02-15T12:07:10+00:00","description":"Newcon Energy\u00ae- get in touch with us.","breadcrumb":{"@id":"https:\/\/www.newconenergy.com\/de\/aktuelles\/#breadcrumb"},"inLanguage":"de","potentialAction":[{"@type":"ReadAction","target":["https:\/\/www.newconenergy.com\/de\/aktuelles\/"]}]},{"@type":"BreadcrumbList","@id":"https:\/\/www.newconenergy.com\/de\/aktuelles\/#breadcrumb","itemListElement":[{"@type":"ListItem","position":1,"name":"Startseite","item":"https:\/\/www.newconenergy.com\/de\/"},{"@type":"ListItem","position":2,"name":"aktuelles"}]},{"@type":"WebSite","@id":"https:\/\/www.newconenergy.com\/de\/#website","url":"https:\/\/www.newconenergy.com\/de\/","name":"Newcon Energy","description":"Newcon Energy","publisher":{"@id":"https:\/\/www.newconenergy.com\/de\/#organization"},"potentialAction":[{"@type":"SearchAction","target":{"@type":"EntryPoint","urlTemplate":"https:\/\/www.newconenergy.com\/de\/?s={search_term_string}"},"query-input":"required name=search_term_string"}],"inLanguage":"de"},{"@type":"Organization","@id":"https:\/\/www.newconenergy.com\/de\/#organization","name":"Newcon Energy","url":"https:\/\/www.newconenergy.com\/de\/","logo":{"@type":"ImageObject","inLanguage":"de","@id":"https:\/\/www.newconenergy.com\/de\/#\/schema\/logo\/image\/","url":"https:\/\/www.newconenergy.com\/wp-content\/uploads\/2021\/08\/newcon-energy-logo.png","contentUrl":"https:\/\/www.newconenergy.com\/wp-content\/uploads\/2021\/08\/newcon-energy-logo.png","width":254,"height":165,"caption":"Newcon Energy"},"image":{"@id":"https:\/\/www.newconenergy.com\/de\/#\/schema\/logo\/image\/"}}]}},"_links":{"self":[{"href":"https:\/\/www.newconenergy.com\/de\/wp-json\/wp\/v2\/pages\/2650"}],"collection":[{"href":"https:\/\/www.newconenergy.com\/de\/wp-json\/wp\/v2\/pages"}],"about":[{"href":"https:\/\/www.newconenergy.com\/de\/wp-json\/wp\/v2\/types\/page"}],"author":[{"embeddable":true,"href":"https:\/\/www.newconenergy.com\/de\/wp-json\/wp\/v2\/users\/1"}],"replies":[{"embeddable":true,"href":"https:\/\/www.newconenergy.com\/de\/wp-json\/wp\/v2\/comments?post=2650"}],"version-history":[{"count":50,"href":"https:\/\/www.newconenergy.com\/de\/wp-json\/wp\/v2\/pages\/2650\/revisions"}],"predecessor-version":[{"id":2894,"href":"https:\/\/www.newconenergy.com\/de\/wp-json\/wp\/v2\/pages\/2650\/revisions\/2894"}],"wp:attachment":[{"href":"https:\/\/www.newconenergy.com\/de\/wp-json\/wp\/v2\/media?parent=2650"}],"curies":[{"name":"wp","href":"https:\/\/api.w.org\/{rel}","templated":true}]}}