{"id":1922,"date":"2021-08-05T14:08:56","date_gmt":"2021-08-05T12:08:56","guid":{"rendered":"http:\/\/newcon.seonidas.de\/impressum\/"},"modified":"2024-06-24T08:36:40","modified_gmt":"2024-06-24T06:36:40","slug":"impressum","status":"publish","type":"page","link":"https:\/\/www.newconenergy.com\/de\/impressum\/","title":{"rendered":"Impressum"},"content":{"rendered":"\t\t<div data-elementor-type=\"wp-page\" data-elementor-id=\"1922\" class=\"elementor elementor-1922 elementor-130\" data-elementor-post-type=\"page\">\n\t\t\t\t\t\t\t\t\t<section class=\"elementor-section elementor-top-section elementor-element elementor-element-fc35bd9 elementor-section-boxed elementor-section-height-default elementor-section-height-default\" data-id=\"fc35bd9\" data-element_type=\"section\">\n\t\t\t\t\t\t<div class=\"elementor-container elementor-column-gap-default\">\n\t\t\t\t\t<div class=\"elementor-column elementor-col-33 elementor-top-column elementor-element elementor-element-38c1700\" data-id=\"38c1700\" data-element_type=\"column\">\n\t\t\t<div class=\"elementor-widget-wrap\">\n\t\t\t\t\t\t\t\t\t<\/div>\n\t\t<\/div>\n\t\t\t\t<div class=\"elementor-column elementor-col-33 elementor-top-column elementor-element elementor-element-34d5b3a\" data-id=\"34d5b3a\" data-element_type=\"column\">\n\t\t\t<div class=\"elementor-widget-wrap\">\n\t\t\t\t\t\t\t\t\t<\/div>\n\t\t<\/div>\n\t\t\t\t<div class=\"elementor-column elementor-col-33 elementor-top-column elementor-element elementor-element-915231d\" data-id=\"915231d\" data-element_type=\"column\">\n\t\t\t<div class=\"elementor-widget-wrap\">\n\t\t\t\t\t\t\t\t\t<\/div>\n\t\t<\/div>\n\t\t\t\t\t\t\t<\/div>\n\t\t<\/section>\n\t\t\t\t<section class=\"elementor-section elementor-top-section elementor-element elementor-element-d527a63 elementor-section-boxed elementor-section-height-default elementor-section-height-default\" data-id=\"d527a63\" data-element_type=\"section\">\n\t\t\t\t\t\t<div class=\"elementor-container elementor-column-gap-default\">\n\t\t\t\t\t<div class=\"elementor-column elementor-col-100 elementor-top-column elementor-element elementor-element-10d97d8\" data-id=\"10d97d8\" data-element_type=\"column\">\n\t\t\t<div class=\"elementor-widget-wrap elementor-element-populated\">\n\t\t\t\t\t\t\t\t<section class=\"elementor-section elementor-inner-section elementor-element elementor-element-674fcb4 elementor-section-content-middle elementor-section-boxed elementor-section-height-default elementor-section-height-default\" data-id=\"674fcb4\" data-element_type=\"section\">\n\t\t\t\t\t\t<div class=\"elementor-container elementor-column-gap-default\">\n\t\t\t\t\t<div class=\"elementor-column elementor-col-100 elementor-inner-column elementor-element elementor-element-4fb2007\" data-id=\"4fb2007\" data-element_type=\"column\">\n\t\t\t<div class=\"elementor-widget-wrap elementor-element-populated\">\n\t\t\t\t\t\t\t\t<div class=\"elementor-element elementor-element-a1e1493 elementor-widget elementor-widget-text-editor\" data-id=\"a1e1493\" data-element_type=\"widget\" data-widget_type=\"text-editor.default\">\n\t\t\t\t<div class=\"elementor-widget-container\">\n\t\t\t\t\t\t\t<h1 class=\"headsmall\">Impressum<\/h1><p>Inhaltlich verantwortlich nach \u00a75 TMG.<\/p><div><p><strong>Newcon Energy\u00a0\u00ae<br \/><\/strong>Walramstra\u00dfe 24<br \/>65510 Idstein<\/p><p><strong>T:<\/strong> +49 6126 &#8211; 956 910 4<br \/><strong>F:<\/strong> +49 209 \u2013 149 788 21<br \/><strong>M:<\/strong> <a href=\"mailto:info@newconenergy.com\">info@newconenergy.com<\/a><\/p><p><strong>Managing Directors:<br \/><\/strong>Dipl.-Ing. Dipl.-Wirt.Ing. <a href=\"https:\/\/www.xing.com\/profile\/Rex_Hajdari\">Rex Hajdari<\/a><\/p><p><strong>Haftungsausschluss<\/strong><\/p><\/div><p>Sollten irgendwelche Inhalte oder die designtechnische Gestaltung dieser Website oder die Inhalte des eMail-Verkehrs (Newsletter, Angebote, usw.), der \u00fcber die Domain www.newconenergy.com abgewickelt wird, fremde Rechte Dritter oder gesetzliche Bestimmungen verletzen oder anderweitig in irgendeiner Form wettbewerbsrechtliche Probleme hervorbringen, so bitten wir unter Berufung auf \u00a7 8 Abs. 4 UWG, um eine angemessene, ausreichend erl\u00e4uternde und schnelle Nachricht ohne Kostennote.<\/p><p>Wir garantieren, dass die zu Recht beanstandeten Passagen oder Teile dieser Website und eMails in angemessener Frist entfernt, bzw. den rechtlichen Vorgaben umf\u00e4nglich angepasst werden, ohne dass von Ihrer Seite die Einschaltung eines Rechtsbeistandes erforderlich ist. Die Einschaltung eines Anwaltes, zur f\u00fcr den Diensteanbieter kostenpflichtigen Abmahnung, entspricht nicht dessen wirklichen oder mutma\u00dflichen Willen und w\u00fcrde damit einen Verstoss gegen \u00a7 13 Abs. 5 UWG, wegen der Verfolgung sachfremder Ziele als beherrschendes Motiv der Verfahrenseinleitung, insbesondere einer Kostenerzielungsabsicht als eigentliche Triebfeder, sowie einen Versto\u00df gegen die Schadensminderungspflicht darstellen.<\/p><h3>Copyright-Bestimmungen<\/h3><p>Das Kopieren oder die Reproduktion (inklusive des Ausdrucks auf Papier) der gesamten Homepage, bzw. von Teilen dieser Homepage, jede andere Verwendung der auf dieser Homepage verf\u00fcgbaren Materialien, bzw. Informationen inklusive der Reproduktion, des Weitervertriebs, der Ver\u00e4nderung und der Ver\u00f6ffentlichung ist untersagt, es sei denn, die die <strong>Newcon Energy \u00ae<\/strong> hat dem vorher schriftlich zugestimmt. Dies gilt insbesondere auch f\u00fcr das <strong>Newcon Energy \u00ae<\/strong> Logo. Alle sonstigen auf dieser Homepage erw\u00e4hnten Warenzeichen, Firmennamen, Dienstleistungsmarken und Logos sind Eigentum der entsprechenden Firmen.<\/p><h3>Bild und Textmaterial<\/h3><p>Der Autor ist bestrebt, in allen Publikationen die Urheberrechte der verwendeten Grafiken, Tondokumente, Videosequenzen und Texte zu beachten, von ihm selbst erstellte Grafiken, Tondokumente, Videosequenzen und Texte zu nutzen oder auf lizenzfreie Grafiken, Tondokumente, Videosequenzen und Texte zur\u00fcckzugreifen. Alle innerhalb des Internetangebotes genannten und ggf. durch Dritte gesch\u00fctzten Marken- und Warenzeichen unterliegen uneingeschr\u00e4nkt den Bestimmungen des jeweils g\u00fcltigen Kennzeichenrechts und den Besitzrechten der jeweiligen eingetragenen Eigent\u00fcmer. Allein aufgrund der blo\u00dfen Nennung ist nicht der Schluss zu ziehen, dass Markenzeichen nicht durch Rechte Dritter gesch\u00fctzt sind! Das Copyright f\u00fcr ver\u00f6ffentlichte, vom Autor selbst erstellte Objekte bleibt allein beim Autor der Seiten. Eine Vervielf\u00e4ltigung oder Verwendung solcher Grafiken, Tondokumente, Videosequenzen und Texte in anderen elektronischen oder gedruckten Publikationen ist ohne ausdr\u00fcckliche Zustimmung des Autors nicht gestattet.<\/p><h3>Markenrecht<\/h3><p>Die Nennung von Firmen- oder Markennamen erfolgt ohne Pr\u00fcfung etwaiger Rechte Dritter. Aus einem fehlenden Markenschutz- oder Copyright-Hinweis kann insbesondere nicht der Schluss gezogen werden, diese Namen und\/oder Bezeichnungen seien frei von Rechten Dritter. Alle genannten Marken- oder Produktbezeichnungen sind Warenzeichen der entsprechenden Inhaber. Falls auf dieser Website Logos, Grafiken, Fotos oder Texte verwendet wurden, die urheberrechtlich gesch\u00fctzt sind oder Rechte Dritter verletzten, so geschah dies trotz gewissenhafter Pr\u00fcfung und ohne jeden Vorsatz. Bitte informieren Sie uns per E-Mail unter info@newconenergy.com, wenn Ihnen entsprechende Inhalte auffallen sollten. Wir werden der Angelegenheit unverz\u00fcglich nachgehen und kl\u00e4ren.<\/p><h3>Verlinkungen<\/h3><p>Wichtiger Hinweis zu allen Links auf dieser Homepage: Mit Urteil vom 12. Mai 1998 \u2013 312 O 85\/98 \u2013 \u201eHaftung f\u00fcr Links\u201c hat das Landgericht Hamburg entschieden, dass man durch die Anbringung eines Links die Inhalte der gelinkten Seite ggf. mit zu verantworten hat. Dies kann nur dadurch verhindert werden, dass man ausdr\u00fccklich von diesen Inhalten Abstand nimmt. \u201eHiermit nehmen alle Autoren\/Betreiber von der die <strong>Newcon Energy \u00ae<\/strong> ausdr\u00fccklich von allen Inhalten aller gelinkten Seiten dieser Homepage Abstand und machen sich diese Inhalte nicht zu eigen. Diese Erkl\u00e4rung gilt f\u00fcr alle auf dieser Homepage angebrachten Links zu externen Homepages.<\/p><h3>Inhalte der Homepage<\/h3><p><strong>Newcon Energy \u00ae<\/strong> \u00fcbernimmt keinerlei Gew\u00e4hr f\u00fcr die Aktualit\u00e4t, Korrektheit, Vollst\u00e4ndigkeit oder Qualit\u00e4t der bereitgestellten Informationen. Haftungsanspr\u00fcche gegen\u00fcber der <strong>Newcon Energy \u00ae<\/strong>, welche sich auf Sch\u00e4den materieller oder ideeller Art beziehen, die durch die Nutzung oder Nichtnutzung der dargebotenen Informationen bzw. durch die Nutzung fehlerhafter und unvollst\u00e4ndiger Informationen verursacht wurden sind grunds\u00e4tzlich ausgeschlossen, sofern seitens der <strong>Newcon Energy \u00ae<\/strong> kein nachweislich vors\u00e4tzliches oder grob fahrl\u00e4ssiges Verschulden vorliegt. Alle Angebote sind freibleibend und unverbindlich. Die <strong>Newcon Energy \u00ae<\/strong> beh\u00e4lt es sich ausdr\u00fccklich vor, Teile der Seiten oder das gesamte Angebot ohne gesonderte Ank\u00fcndigung zu ver\u00e4ndern, zu erg\u00e4nzen, zu l\u00f6schen oder die Ver\u00f6ffentlichung zeitweise einzustellen.<\/p>\t\t\t\t\t\t<\/div>\n\t\t\t\t<\/div>\n\t\t\t\t\t<\/div>\n\t\t<\/div>\n\t\t\t\t\t\t\t<\/div>\n\t\t<\/section>\n\t\t\t\t\t<\/div>\n\t\t<\/div>\n\t\t\t\t\t\t\t<\/div>\n\t\t<\/section>\n\t\t\t\t\t\t\t<\/div>\n\t\t","protected":false},"excerpt":{"rendered":"<p>Impressum Inhaltlich verantwortlich nach \u00a75 TMG. Newcon Energy\u00a0\u00aeWalramstra\u00dfe 2465510 Idstein T: +49 6126 &#8211; 956 910 4F: +49 209 \u2013 149 788 21M: info@newconenergy.com Managing Directors:Dipl.-Ing. Dipl.-Wirt.Ing. Rex Hajdari Haftungsausschluss Sollten irgendwelche Inhalte oder die designtechnische Gestaltung dieser Website oder die Inhalte des eMail-Verkehrs (Newsletter, Angebote, usw.), der \u00fcber die Domain www.newconenergy.com abgewickelt wird, fremde&hellip;&nbsp;<a href=\"https:\/\/www.newconenergy.com\/de\/impressum\/\" class=\"\" rel=\"bookmark\">Weiterlesen &raquo;<span class=\"screen-reader-text\">Impressum<\/span><\/a><\/p>\n","protected":false},"author":1,"featured_media":0,"parent":0,"menu_order":0,"comment_status":"closed","ping_status":"closed","template":"page-templates\/template-pagebuilder-full-width.php","meta":{"neve_meta_sidebar":"full-width","neve_meta_container":"","neve_meta_enable_content_width":"on","neve_meta_content_width":100,"neve_meta_title_alignment":"","neve_meta_author_avatar":"","neve_post_elements_order":"","neve_meta_disable_header":"","neve_meta_disable_footer":"","neve_meta_disable_title":"","neve_meta_reading_time":"","footnotes":""},"yoast_head":"<!-- This site is optimized with the Yoast SEO plugin v21.5 - https:\/\/yoast.com\/wordpress\/plugins\/seo\/ -->\n<title>Impressum - Newcon Energy<\/title>\n<meta name=\"robots\" content=\"index, follow, max-snippet:-1, max-image-preview:large, max-video-preview:-1\" \/>\n<link rel=\"canonical\" href=\"https:\/\/www.newconenergy.com\/de\/impressum\/\" \/>\n<meta property=\"og:locale\" content=\"de_DE\" \/>\n<meta property=\"og:type\" content=\"article\" \/>\n<meta property=\"og:title\" content=\"Impressum - Newcon Energy\" \/>\n<meta property=\"og:description\" content=\"Impressum Inhaltlich verantwortlich nach \u00a75 TMG. Newcon Energy\u00a0\u00aeWalramstra\u00dfe 2465510 Idstein T: +49 6126 &#8211; 956 910 4F: +49 209 \u2013 149 788 21M: info@newconenergy.com Managing Directors:Dipl.-Ing. Dipl.-Wirt.Ing. Rex Hajdari Haftungsausschluss Sollten irgendwelche Inhalte oder die designtechnische Gestaltung dieser Website oder die Inhalte des eMail-Verkehrs (Newsletter, Angebote, usw.), der \u00fcber die Domain www.newconenergy.com abgewickelt wird, fremde&hellip;&nbsp;Weiterlesen &raquo;Impressum\" \/>\n<meta property=\"og:url\" content=\"https:\/\/www.newconenergy.com\/de\/impressum\/\" \/>\n<meta property=\"og:site_name\" content=\"Newcon Energy\" \/>\n<meta property=\"article:modified_time\" content=\"2024-06-24T06:36:40+00:00\" \/>\n<meta name=\"twitter:card\" content=\"summary_large_image\" \/>\n<meta name=\"twitter:label1\" content=\"Gesch\u00e4tzte Lesezeit\" \/>\n\t<meta name=\"twitter:data1\" content=\"4\u00a0Minuten\" \/>\n<script type=\"application\/ld+json\" class=\"yoast-schema-graph\">{\"@context\":\"https:\/\/schema.org\",\"@graph\":[{\"@type\":\"WebPage\",\"@id\":\"https:\/\/www.newconenergy.com\/de\/impressum\/\",\"url\":\"https:\/\/www.newconenergy.com\/de\/impressum\/\",\"name\":\"Impressum - Newcon Energy\",\"isPartOf\":{\"@id\":\"https:\/\/www.newconenergy.com\/de\/#website\"},\"datePublished\":\"2021-08-05T12:08:56+00:00\",\"dateModified\":\"2024-06-24T06:36:40+00:00\",\"breadcrumb\":{\"@id\":\"https:\/\/www.newconenergy.com\/de\/impressum\/#breadcrumb\"},\"inLanguage\":\"de\",\"potentialAction\":[{\"@type\":\"ReadAction\",\"target\":[\"https:\/\/www.newconenergy.com\/de\/impressum\/\"]}]},{\"@type\":\"BreadcrumbList\",\"@id\":\"https:\/\/www.newconenergy.com\/de\/impressum\/#breadcrumb\",\"itemListElement\":[{\"@type\":\"ListItem\",\"position\":1,\"name\":\"Startseite\",\"item\":\"https:\/\/www.newconenergy.com\/de\/\"},{\"@type\":\"ListItem\",\"position\":2,\"name\":\"Impressum\"}]},{\"@type\":\"WebSite\",\"@id\":\"https:\/\/www.newconenergy.com\/de\/#website\",\"url\":\"https:\/\/www.newconenergy.com\/de\/\",\"name\":\"Newcon Energy\",\"description\":\"Newcon Energy\",\"publisher\":{\"@id\":\"https:\/\/www.newconenergy.com\/de\/#organization\"},\"potentialAction\":[{\"@type\":\"SearchAction\",\"target\":{\"@type\":\"EntryPoint\",\"urlTemplate\":\"https:\/\/www.newconenergy.com\/de\/?s={search_term_string}\"},\"query-input\":\"required name=search_term_string\"}],\"inLanguage\":\"de\"},{\"@type\":\"Organization\",\"@id\":\"https:\/\/www.newconenergy.com\/de\/#organization\",\"name\":\"Newcon Energy\",\"url\":\"https:\/\/www.newconenergy.com\/de\/\",\"logo\":{\"@type\":\"ImageObject\",\"inLanguage\":\"de\",\"@id\":\"https:\/\/www.newconenergy.com\/de\/#\/schema\/logo\/image\/\",\"url\":\"https:\/\/www.newconenergy.com\/wp-content\/uploads\/2021\/08\/newcon-energy-logo.png\",\"contentUrl\":\"https:\/\/www.newconenergy.com\/wp-content\/uploads\/2021\/08\/newcon-energy-logo.png\",\"width\":254,\"height\":165,\"caption\":\"Newcon Energy\"},\"image\":{\"@id\":\"https:\/\/www.newconenergy.com\/de\/#\/schema\/logo\/image\/\"}}]}<\/script>\n<!-- \/ Yoast SEO plugin. -->","yoast_head_json":{"title":"Impressum - Newcon Energy","robots":{"index":"index","follow":"follow","max-snippet":"max-snippet:-1","max-image-preview":"max-image-preview:large","max-video-preview":"max-video-preview:-1"},"canonical":"https:\/\/www.newconenergy.com\/de\/impressum\/","og_locale":"de_DE","og_type":"article","og_title":"Impressum - Newcon Energy","og_description":"Impressum Inhaltlich verantwortlich nach \u00a75 TMG. Newcon Energy\u00a0\u00aeWalramstra\u00dfe 2465510 Idstein T: +49 6126 &#8211; 956 910 4F: +49 209 \u2013 149 788 21M: info@newconenergy.com Managing Directors:Dipl.-Ing. Dipl.-Wirt.Ing. Rex Hajdari Haftungsausschluss Sollten irgendwelche Inhalte oder die designtechnische Gestaltung dieser Website oder die Inhalte des eMail-Verkehrs (Newsletter, Angebote, usw.), der \u00fcber die Domain www.newconenergy.com abgewickelt wird, fremde&hellip;&nbsp;Weiterlesen &raquo;Impressum","og_url":"https:\/\/www.newconenergy.com\/de\/impressum\/","og_site_name":"Newcon Energy","article_modified_time":"2024-06-24T06:36:40+00:00","twitter_card":"summary_large_image","twitter_misc":{"Gesch\u00e4tzte Lesezeit":"4\u00a0Minuten"},"schema":{"@context":"https:\/\/schema.org","@graph":[{"@type":"WebPage","@id":"https:\/\/www.newconenergy.com\/de\/impressum\/","url":"https:\/\/www.newconenergy.com\/de\/impressum\/","name":"Impressum - Newcon Energy","isPartOf":{"@id":"https:\/\/www.newconenergy.com\/de\/#website"},"datePublished":"2021-08-05T12:08:56+00:00","dateModified":"2024-06-24T06:36:40+00:00","breadcrumb":{"@id":"https:\/\/www.newconenergy.com\/de\/impressum\/#breadcrumb"},"inLanguage":"de","potentialAction":[{"@type":"ReadAction","target":["https:\/\/www.newconenergy.com\/de\/impressum\/"]}]},{"@type":"BreadcrumbList","@id":"https:\/\/www.newconenergy.com\/de\/impressum\/#breadcrumb","itemListElement":[{"@type":"ListItem","position":1,"name":"Startseite","item":"https:\/\/www.newconenergy.com\/de\/"},{"@type":"ListItem","position":2,"name":"Impressum"}]},{"@type":"WebSite","@id":"https:\/\/www.newconenergy.com\/de\/#website","url":"https:\/\/www.newconenergy.com\/de\/","name":"Newcon Energy","description":"Newcon Energy","publisher":{"@id":"https:\/\/www.newconenergy.com\/de\/#organization"},"potentialAction":[{"@type":"SearchAction","target":{"@type":"EntryPoint","urlTemplate":"https:\/\/www.newconenergy.com\/de\/?s={search_term_string}"},"query-input":"required name=search_term_string"}],"inLanguage":"de"},{"@type":"Organization","@id":"https:\/\/www.newconenergy.com\/de\/#organization","name":"Newcon Energy","url":"https:\/\/www.newconenergy.com\/de\/","logo":{"@type":"ImageObject","inLanguage":"de","@id":"https:\/\/www.newconenergy.com\/de\/#\/schema\/logo\/image\/","url":"https:\/\/www.newconenergy.com\/wp-content\/uploads\/2021\/08\/newcon-energy-logo.png","contentUrl":"https:\/\/www.newconenergy.com\/wp-content\/uploads\/2021\/08\/newcon-energy-logo.png","width":254,"height":165,"caption":"Newcon Energy"},"image":{"@id":"https:\/\/www.newconenergy.com\/de\/#\/schema\/logo\/image\/"}}]}},"_links":{"self":[{"href":"https:\/\/www.newconenergy.com\/de\/wp-json\/wp\/v2\/pages\/1922"}],"collection":[{"href":"https:\/\/www.newconenergy.com\/de\/wp-json\/wp\/v2\/pages"}],"about":[{"href":"https:\/\/www.newconenergy.com\/de\/wp-json\/wp\/v2\/types\/page"}],"author":[{"embeddable":true,"href":"https:\/\/www.newconenergy.com\/de\/wp-json\/wp\/v2\/users\/1"}],"replies":[{"embeddable":true,"href":"https:\/\/www.newconenergy.com\/de\/wp-json\/wp\/v2\/comments?post=1922"}],"version-history":[{"count":10,"href":"https:\/\/www.newconenergy.com\/de\/wp-json\/wp\/v2\/pages\/1922\/revisions"}],"predecessor-version":[{"id":57800,"href":"https:\/\/www.newconenergy.com\/de\/wp-json\/wp\/v2\/pages\/1922\/revisions\/57800"}],"wp:attachment":[{"href":"https:\/\/www.newconenergy.com\/de\/wp-json\/wp\/v2\/media?parent=1922"}],"curies":[{"name":"wp","href":"https:\/\/api.w.org\/{rel}","templated":true}]}}